{"id":693,"date":"2017-02-21T14:53:21","date_gmt":"2017-02-21T14:53:21","guid":{"rendered":"http:\/\/www.rentacarthessaloniki.com\/?page_id=693\/"},"modified":"2018-07-12T10:11:03","modified_gmt":"2018-07-12T10:11:03","slug":"sitemap","status":"publish","type":"page","link":"https:\/\/www.rentacarthessaloniki.com\/de\/sitemap\/","title":{"rendered":"Sitemap"},"content":{"rendered":"<p><span style=\"text-decoration: underline;\">Miewagen\u00a0Thessaloniki Sitemap<\/span><\/p>\n<p><strong><a href=\"https:\/\/www.rentacarthessaloniki.com\/de\/\">Mietwagen\u00a0Thessaloniki<\/a><br \/>\n<\/strong>Einem mietwagen Thessaloniki, ist der beste Weg, um die vielen Attraktionen und besondere Orte rund um Thessaloniki zu erkunden.<br \/>\n<a href=\"https:\/\/www.rentacarthessaloniki.com\/de\/buchung-verwalten\/\"><strong>Buchung Verwalten<\/strong><\/a><br \/>\nVerwalten Sie Ihre Buchung einfach und schnell<\/p>\n<p><strong>Nutzliche Informationen<\/strong><\/p>\n<p><strong><a href=\"https:\/\/www.rentacarthessaloniki.com\/de\/autovermietungs-standorte\/\">Autovermietungs Standorte<\/a><br \/>\n<\/strong>Alle pick up und drop off Standorte.<br \/>\n<a href=\"https:\/\/www.rentacarthessaloniki.com\/de\/mietwagen-thessaloniki-zentrum\/\">Mietwagen\u00a0Thessaloniki Zentrum<\/a><br \/>\nMietwagen und ein paar Fakten \u00fcber Thessaloniki\u00a0Stadt.<br \/>\n<a href=\"https:\/\/www.rentacarthessaloniki.com\/de\/mietwagen-halkidiki\/\">Mietwagen Halkidiki<\/a><br \/>\nMieten Sie ein Auto in Halkidiki und treffen Sie die Sch\u00f6nheit der Halbinsel.<br \/>\n<a href=\"https:\/\/www.rentacarthessaloniki.com\/de\/autovermietung-neos-marmaras\/\">Autovermietung Halkidiki\u00a0Neos Marmaras<\/a><br \/>\nMit einer Autovermietung von Neos Marmaras Chalkidiki k\u00f6nnen Sie bis Thessaloniki und zur\u00fcck reisen!<br \/>\n<a href=\"https:\/\/www.rentacarthessaloniki.com\/de\/autovermietung-pefkohori\/\">Autovermietung\u00a0Halkidiki Pefkohori<\/a><br \/>\nMieten Sie ein Auto und besuchen Sie die malerische Pefkohori.<br \/>\n<a href=\"https:\/\/www.rentacarthessaloniki.com\/de\/autovermietung-nikiti\/\">Autovermietung Halkidiki Nikiti<\/a><br \/>\nBesuchen Sie Nikiti mit einem Mietwagen von der gro\u00dfen Auswahl, die wir anbieten.<br \/>\n<a href=\"https:\/\/www.rentacarthessaloniki.com\/de\/autovermietung-hanioti\/\">Autovermietung Halkidiki Hanioti<\/a><br \/>\nTreffen Sie Hanioti und alle D\u00f6rfer in der N\u00e4he von Hanioti mit einer Autovermietung.<br \/>\n<a href=\"https:\/\/www.rentacarthessaloniki.com\/de\/autovermietung-kallithea-halkidiki\/\">Autovermietung Halkidiki Kallithea<\/a><br \/>\nPick up und drop off Standorte\u00a0von, oder nach Kallithea Halkidiki.<br \/>\n<a href=\"https:\/\/www.rentacarthessaloniki.com\/de\/mietwagen-katerini\/\">Mietwagen Katerini<\/a><br \/>\nMieten Sie ein Auto in Katerini und machen Sie eine Tour von Katerini Strand bis Mount Olympus.<br \/>\n<a href=\"https:\/\/www.rentacarthessaloniki.com\/de\/mietwagen-serres\/\">Mietwagen Serres<\/a><br \/>\nEin Mietwagen in Serres wird Ihnen helfen, sch\u00f6ne Orte rund um die Gegend zu besuchen.<br \/>\n<a href=\"https:\/\/www.rentacarthessaloniki.com\/de\/mietwagen-veroia\/\">Mietwagen Veroia<\/a><br \/>\nMieten Sie ein Auto in Veroia und treffen Sie die wundersch\u00f6ne Landschaft und die Geschichte der Stadt.<\/p>\n<p><strong><a href=\"https:\/\/www.rentacarthessaloniki.com\/de\/category\/reiseziele\/\">Mietwagen\u00a0Reiseziele<\/a><br \/>\n<\/strong>Mieten Sie ein Auto und treffen Sie die Sch\u00f6nheit um Thessaloniki, Halkidiki und andere Ziele von Makedonia.<br \/>\n<a href=\"https:\/\/www.rentacarthessaloniki.com\/de\/category\/reiseziele\/reiseziele-thessaloniki\/\">Thessaloniki Reiseziele<\/a><br \/>\nOrte der historischen, touristischen und arch\u00e4ologischen Interesse im Zentrum von Thessaloniki.<br \/>\n<a href=\"https:\/\/www.rentacarthessaloniki.com\/de\/category\/reiseziele\/reiseziele-halkidiki\/\">Halkidiki Reiseziele<\/a><br \/>\nAlle interessanten Ziele rund um die Halbinsel Halkidiki.<br \/>\n<a href=\"https:\/\/www.rentacarthessaloniki.com\/de\/category\/reiseziele\/andere-reiseziele\/\">Andere Reiseziele<\/a><br \/>\nZiele von Interesse in einem kleinen Abstand von Thessaloniki.<\/p>\n<p><strong><a href=\"https:\/\/www.rentacarthessaloniki.com\/de\/category\/mietwagen-tipps\/\">Mietwagen Tipps<\/a><br \/>\n<\/strong>N\u00fctzliche Informationen \u00fcber die Mietpolitik und die Vorschriften in Griechenland.<br \/>\n<a href=\"https:\/\/www.rentacarthessaloniki.com\/de\/mietwagen-tipps-extra-tipps\/\">Mietwagen &#8211;\u00a0zus\u00e4tzliche Tipps<\/a><br \/>\nZus\u00e4tzliche Tipps f\u00fcr Ihre Mietwagen<br \/>\n<a href=\"https:\/\/www.rentacarthessaloniki.com\/de\/mietwagen-tipps-zusaetzliche-leistungen\/\">Mietwagen &#8211;\u00a0 zus\u00e4tzliche Leistungen<\/a><br \/>\nDie\u00a0zus\u00e4tzliche Leistungen dass Sie f\u00fcr Ihren Mietwagen ben\u00f6tigen.<br \/>\n<a href=\"https:\/\/www.rentacarthessaloniki.com\/de\/mietwagentipps-verordnungen-in-griechenland\/\">Mietwagen Tipps &#8211;\u00a0Verordnungen<\/a><br \/>\nVerordnungen in Griechenland<br \/>\n<a href=\"https:\/\/www.rentacarthessaloniki.com\/de\/mietwagentipps-parken\/\">Mietwagen Tipss &#8211; Parken<\/a><br \/>\nParkplatztipps rund um die Innenstadt.<br \/>\n<a href=\"https:\/\/www.rentacarthessaloniki.com\/de\/mietwagentipps-fahrer-in-griechenland\/\">Mietwagen Tipps &#8211;\u00a0\u00a0Fahrer<\/a><br \/>\nFahrer in Griechenland<br \/>\n<a href=\"https:\/\/www.rentacarthessaloniki.com\/de\/mietwagen-tipps-vermeiden-sie-geldstrafen\/\">Mietwagen Tipps &#8211;\u00a0 Vermeidung von Geldstrafen<\/a><br \/>\nWie kann man Geldstrafen in Griechenland vermeiden.<br \/>\n<a href=\"https:\/\/www.rentacarthessaloniki.com\/de\/mietwagen-tipps-laendliche-strassen\/\">Mietwagen Tipps &#8211;\u00a0 Landstra\u00dfen<\/a><br \/>\nWas muss man sich vorstellen, wenn man auf Landstra\u00dfen f\u00e4hrt.<br \/>\n<a href=\"https:\/\/www.rentacarthessaloniki.com\/de\/mietwagen-tipps-autobahnen\/\">Mietwagen Tipps &#8211; Autobahnen<\/a><br \/>\nDie Autobahnen in Griechenland<\/p>\n<p><strong><a href=\"https:\/\/www.rentacarthessaloniki.com\/de\/nutzungsbedingungen\/\">Autovermietung Nutzungsbedingungen<\/a><br \/>\n<\/strong>Nutzungsbedingungen f\u00fcr Rent a Car Thessaloniki<br \/>\n<strong><a href=\"https:\/\/www.rentacarthessaloniki.com\/de\/kontakt\/\">Rent a Car Thessaloniki\u00a0Kontakt<\/a><br \/>\n<\/strong>Kontaktieren Sie uns f\u00fcr weitere Informationen.<br \/>\n<a href=\"https:\/\/www.rentacarthessaloniki.com\/de\/nuetzliche-links\/\">Links<\/a><br \/>\nN\u00fctzliche links<\/p>\n","protected":false},"excerpt":{"rendered":"<p>Miewagen\u00a0Thessaloniki Sitemap Mietwagen\u00a0Thessaloniki Einem mietwagen Thessaloniki, ist der beste Weg, um die vielen Attraktionen und besondere Orte rund um Thessaloniki zu erkunden. Buchung Verwalten Verwalten Sie Ihre Buchung einfach und schnell Nutzliche Informationen Autovermietungs Standorte Alle pick up und drop off Standorte. Mietwagen\u00a0Thessaloniki Zentrum Mietwagen und ein paar Fakten \u00fcber Thessaloniki\u00a0Stadt. Mietwagen Halkidiki Mieten Sie [&hellip;]<\/p>\n","protected":false},"author":308,"featured_media":0,"parent":0,"menu_order":0,"comment_status":"closed","ping_status":"closed","template":"","meta":{"footnotes":""},"class_list":["post-693","page","type-page","status-publish","hentry"],"yoast_head":"<!-- This site is optimized with the Yoast SEO plugin v24.3 - https:\/\/yoast.com\/wordpress\/plugins\/seo\/ -->\n<title>Sitemap | Car Rentals<\/title>\n<meta name=\"description\" content=\"Besuchen Sie die Sitemap der Website und navigieren Sie durch oder Seiten und finden Sie n\u00fctzliche Informationen \u00fcber Mietwagen in Thessaloniki.\" \/>\n<meta name=\"robots\" content=\"index, follow, max-snippet:-1, max-image-preview:large, max-video-preview:-1\" \/>\n<link rel=\"canonical\" href=\"https:\/\/www.rentacarthessaloniki.com\/de\/sitemap\/\" \/>\n<meta property=\"og:locale\" content=\"de_DE\" \/>\n<meta property=\"og:type\" content=\"article\" \/>\n<meta property=\"og:title\" content=\"Sitemap | Car Rentals\" \/>\n<meta property=\"og:description\" content=\"Besuchen Sie die Sitemap der Website und navigieren Sie durch oder Seiten und finden Sie n\u00fctzliche Informationen \u00fcber Mietwagen in Thessaloniki.\" \/>\n<meta property=\"og:url\" content=\"https:\/\/www.rentacarthessaloniki.com\/de\/sitemap\/\" \/>\n<meta property=\"og:site_name\" content=\"Car Rentals\" \/>\n<meta property=\"article:modified_time\" content=\"2018-07-12T10:11:03+00:00\" \/>\n<meta name=\"twitter:card\" content=\"summary_large_image\" \/>\n<meta name=\"twitter:label1\" content=\"Gesch\u00e4tzte Lesezeit\" \/>\n\t<meta name=\"twitter:data1\" content=\"2\u00a0Minuten\" \/>\n<script type=\"application\/ld+json\" class=\"yoast-schema-graph\">{\"@context\":\"https:\/\/schema.org\",\"@graph\":[{\"@type\":\"WebPage\",\"@id\":\"https:\/\/www.rentacarthessaloniki.com\/de\/sitemap\/\",\"url\":\"https:\/\/www.rentacarthessaloniki.com\/de\/sitemap\/\",\"name\":\"Sitemap | Car Rentals\",\"isPartOf\":{\"@id\":\"https:\/\/www.rentacarthessaloniki.com\/#website\"},\"datePublished\":\"2017-02-21T14:53:21+00:00\",\"dateModified\":\"2018-07-12T10:11:03+00:00\",\"description\":\"Besuchen Sie die Sitemap der Website und navigieren Sie durch oder Seiten und finden Sie n\u00fctzliche Informationen \u00fcber Mietwagen in Thessaloniki.\",\"breadcrumb\":{\"@id\":\"https:\/\/www.rentacarthessaloniki.com\/de\/sitemap\/#breadcrumb\"},\"inLanguage\":\"de\",\"potentialAction\":[{\"@type\":\"ReadAction\",\"target\":[\"https:\/\/www.rentacarthessaloniki.com\/de\/sitemap\/\"]}]},{\"@type\":\"BreadcrumbList\",\"@id\":\"https:\/\/www.rentacarthessaloniki.com\/de\/sitemap\/#breadcrumb\",\"itemListElement\":[{\"@type\":\"ListItem\",\"position\":1,\"name\":\"Home\",\"item\":\"https:\/\/www.rentacarthessaloniki.com\/\"},{\"@type\":\"ListItem\",\"position\":2,\"name\":\"Sitemap\"}]},{\"@type\":\"WebSite\",\"@id\":\"https:\/\/www.rentacarthessaloniki.com\/#website\",\"url\":\"https:\/\/www.rentacarthessaloniki.com\/\",\"name\":\"Car Rentals\",\"description\":\"\",\"potentialAction\":[{\"@type\":\"SearchAction\",\"target\":{\"@type\":\"EntryPoint\",\"urlTemplate\":\"https:\/\/www.rentacarthessaloniki.com\/?s={search_term_string}\"},\"query-input\":{\"@type\":\"PropertyValueSpecification\",\"valueRequired\":true,\"valueName\":\"search_term_string\"}}],\"inLanguage\":\"de\"}]}<\/script>\n<!-- \/ Yoast SEO plugin. -->","yoast_head_json":{"title":"Sitemap | Car Rentals","description":"Besuchen Sie die Sitemap der Website und navigieren Sie durch oder Seiten und finden Sie n\u00fctzliche Informationen \u00fcber Mietwagen in Thessaloniki.","robots":{"index":"index","follow":"follow","max-snippet":"max-snippet:-1","max-image-preview":"max-image-preview:large","max-video-preview":"max-video-preview:-1"},"canonical":"https:\/\/www.rentacarthessaloniki.com\/de\/sitemap\/","og_locale":"de_DE","og_type":"article","og_title":"Sitemap | Car Rentals","og_description":"Besuchen Sie die Sitemap der Website und navigieren Sie durch oder Seiten und finden Sie n\u00fctzliche Informationen \u00fcber Mietwagen in Thessaloniki.","og_url":"https:\/\/www.rentacarthessaloniki.com\/de\/sitemap\/","og_site_name":"Car Rentals","article_modified_time":"2018-07-12T10:11:03+00:00","twitter_card":"summary_large_image","twitter_misc":{"Gesch\u00e4tzte Lesezeit":"2\u00a0Minuten"},"schema":{"@context":"https:\/\/schema.org","@graph":[{"@type":"WebPage","@id":"https:\/\/www.rentacarthessaloniki.com\/de\/sitemap\/","url":"https:\/\/www.rentacarthessaloniki.com\/de\/sitemap\/","name":"Sitemap | Car Rentals","isPartOf":{"@id":"https:\/\/www.rentacarthessaloniki.com\/#website"},"datePublished":"2017-02-21T14:53:21+00:00","dateModified":"2018-07-12T10:11:03+00:00","description":"Besuchen Sie die Sitemap der Website und navigieren Sie durch oder Seiten und finden Sie n\u00fctzliche Informationen \u00fcber Mietwagen in Thessaloniki.","breadcrumb":{"@id":"https:\/\/www.rentacarthessaloniki.com\/de\/sitemap\/#breadcrumb"},"inLanguage":"de","potentialAction":[{"@type":"ReadAction","target":["https:\/\/www.rentacarthessaloniki.com\/de\/sitemap\/"]}]},{"@type":"BreadcrumbList","@id":"https:\/\/www.rentacarthessaloniki.com\/de\/sitemap\/#breadcrumb","itemListElement":[{"@type":"ListItem","position":1,"name":"Home","item":"https:\/\/www.rentacarthessaloniki.com\/"},{"@type":"ListItem","position":2,"name":"Sitemap"}]},{"@type":"WebSite","@id":"https:\/\/www.rentacarthessaloniki.com\/#website","url":"https:\/\/www.rentacarthessaloniki.com\/","name":"Car Rentals","description":"","potentialAction":[{"@type":"SearchAction","target":{"@type":"EntryPoint","urlTemplate":"https:\/\/www.rentacarthessaloniki.com\/?s={search_term_string}"},"query-input":{"@type":"PropertyValueSpecification","valueRequired":true,"valueName":"search_term_string"}}],"inLanguage":"de"}]}},"_links":{"self":[{"href":"https:\/\/www.rentacarthessaloniki.com\/de\/wp-json\/wp\/v2\/pages\/693","targetHints":{"allow":["GET"]}}],"collection":[{"href":"https:\/\/www.rentacarthessaloniki.com\/de\/wp-json\/wp\/v2\/pages"}],"about":[{"href":"https:\/\/www.rentacarthessaloniki.com\/de\/wp-json\/wp\/v2\/types\/page"}],"author":[{"embeddable":true,"href":"https:\/\/www.rentacarthessaloniki.com\/de\/wp-json\/wp\/v2\/users\/308"}],"replies":[{"embeddable":true,"href":"https:\/\/www.rentacarthessaloniki.com\/de\/wp-json\/wp\/v2\/comments?post=693"}],"version-history":[{"count":7,"href":"https:\/\/www.rentacarthessaloniki.com\/de\/wp-json\/wp\/v2\/pages\/693\/revisions"}],"predecessor-version":[{"id":1569,"href":"https:\/\/www.rentacarthessaloniki.com\/de\/wp-json\/wp\/v2\/pages\/693\/revisions\/1569"}],"wp:attachment":[{"href":"https:\/\/www.rentacarthessaloniki.com\/de\/wp-json\/wp\/v2\/media?parent=693"}],"curies":[{"name":"wp","href":"https:\/\/api.w.org\/{rel}","templated":true}]}}