{"id":678,"date":"2017-02-21T14:47:17","date_gmt":"2017-02-21T14:47:17","guid":{"rendered":"http:\/\/www.rentacarthessaloniki.com\/?page_id=678\/"},"modified":"2018-07-11T11:54:20","modified_gmt":"2018-07-11T11:54:20","slug":"posizioni-di-autonoleggio","status":"publish","type":"page","link":"https:\/\/www.rentacarthessaloniki.com\/it\/posizioni-di-autonoleggio\/","title":{"rendered":"Punti Autonoleggio"},"content":{"rendered":"<p>Posizioni di Autonoleggio<\/p>\n<p><!-- {\"name\":\"\",\"type\":\"layout\",\"children\":[{\"name\":\"\",\"type\":\"section\",\"props\":{\"style\":\"default\",\"width\":\"default\",\"vertical_align\":\"middle\",\"title_position\":\"top-left\",\"title_rotation\":\"left\",\"title_breakpoint\":\"xl\",\"image_position\":\"center-center\"},\"children\":[{\"name\":\"\",\"type\":\"row\",\"props\":{\"fixed_width\":\"large\",\"breakpoint\":\"m\",\"layout\":\"1-1\"},\"children\":[{\"name\":\"\",\"type\":\"column\",\"props\":{\"widths\":[\"1-1\"],\"image_position\":\"center-center\"},\"children\":[{\"name\":\"\",\"type\":\"headline\",\"props\":{\"title_element\":\"h1\",\"content\":\"Posizioni di Autonoleggio\"}}]}]}]},{\"name\":\"\",\"type\":\"section\",\"props\":{\"style\":\"default\",\"width\":\"default\",\"vertical_align\":\"middle\",\"title_position\":\"top-left\",\"title_rotation\":\"left\",\"title_breakpoint\":\"xl\",\"image_position\":\"center-center\"},\"children\":[{\"name\":\"\",\"type\":\"row\",\"props\":{\"fixed_width\":\"large\",\"breakpoint\":\"m\",\"layout\":\"1-1\"},\"children\":[{\"name\":\"\",\"type\":\"column\",\"props\":{\"widths\":[\"1-1\"],\"image_position\":\"center-center\"},\"children\":[{\"name\":\"\",\"type\":\"grid\",\"props\":{\"show_title\":true,\"show_meta\":true,\"show_content\":false,\"show_image\":true,\"show_link\":true,\"grid_default\":\"1\",\"grid_medium\":\"2\",\"title_element\":\"h3\",\"meta_style\":\"meta\",\"meta_align\":\"bottom\",\"icon_ratio\":4,\"image_align\":\"top\",\"image_grid_width\":\"1-2\",\"image_breakpoint\":\"m\",\"link_text\":\"Read more\",\"link_style\":\"panel\",\"margin\":\"default\",\"filter_style\":\"tab\",\"filter_all\":true,\"filter_position\":\"top\",\"filter_align\":\"left\",\"filter_grid_width\":\"auto\",\"filter_breakpoint\":\"m\",\"grid_large\":\"2\"},\"children\":[{\"name\":\"\",\"type\":\"grid_item\",\"props\":{\"title\":\"Autonoleggio Thessaloniki Centro\",\"image\":\"wp-content\\\/uploads\\\/2018\\\/03\\\/thessaloniki-car-hire.jpg\",\"link\":\"it\\\/thessaloniki-autonoleggio\\\/\",\"image_alt\":\"Autonoleggio Thessaloniki Centro\"}},{\"name\":\"\",\"type\":\"grid_item\",\"props\":{\"title\":\"Autonoleggio Halkidiki\",\"image\":\"wp-content\\\/uploads\\\/2016\\\/10\\\/rentacar-halkidiki.jpg\",\"link\":\"it\\\/autonoleggio-halkidiki\\\/\",\"image_alt\":\"Autonoleggio Halkidiki\"}}]}]}]},{\"name\":\"\",\"type\":\"row\",\"props\":{\"fixed_width\":\"large\",\"breakpoint\":\"m\",\"layout\":\"1-1\"},\"children\":[{\"name\":\"\",\"type\":\"column\",\"props\":{\"widths\":[\"1-1\"],\"image_position\":\"center-center\"},\"children\":[{\"name\":\"\",\"type\":\"grid\",\"props\":{\"show_title\":true,\"show_meta\":true,\"show_content\":false,\"show_image\":true,\"show_link\":true,\"grid_default\":\"1\",\"grid_medium\":\"2\",\"title_element\":\"h3\",\"meta_style\":\"meta\",\"meta_align\":\"bottom\",\"icon_ratio\":4,\"image_align\":\"top\",\"image_grid_width\":\"1-2\",\"image_breakpoint\":\"m\",\"link_text\":\"Read more\",\"link_style\":\"panel\",\"margin\":\"default\",\"filter_style\":\"tab\",\"filter_all\":true,\"filter_position\":\"top\",\"filter_align\":\"left\",\"filter_grid_width\":\"auto\",\"filter_breakpoint\":\"m\",\"grid_large\":\"2\"},\"children\":[{\"name\":\"\",\"type\":\"grid_item\",\"props\":{\"title\":\"Autonoleggio Neos Marmaras\",\"image\":\"wp-content\\\/uploads\\\/2016\\\/10\\\/rentacar-neos-marmaras.jpg\",\"link\":\"it\\\/autonoleggio-neos-marmaras\\\/\",\"image_alt\":\"Autonoleggio Neos Marmaras\"}},{\"name\":\"\",\"type\":\"grid_item\",\"props\":{\"title\":\"Autonoleggio Pefkohori\",\"image\":\"wp-content\\\/uploads\\\/2016\\\/10\\\/rentacar-pefkohori.jpg\",\"link\":\"it\\\/autonoleggio-pefkohori\\\/\",\"image_alt\":\"Autonoleggio Pefkohori\"}}]}]}]},{\"name\":\"\",\"type\":\"row\",\"props\":{\"fixed_width\":\"large\",\"breakpoint\":\"m\",\"layout\":\"1-1\"},\"children\":[{\"name\":\"\",\"type\":\"column\",\"props\":{\"widths\":[\"1-1\"],\"image_position\":\"center-center\"},\"children\":[{\"name\":\"\",\"type\":\"divider\",\"props\":{\"divider_element\":\"hr\",\"divider_style\":\"icon\"}}]}]},{\"name\":\"\",\"type\":\"row\",\"props\":{\"fixed_width\":\"large\",\"breakpoint\":\"m\",\"layout\":\"1-1\"},\"children\":[{\"name\":\"\",\"type\":\"column\",\"props\":{\"widths\":[\"1-1\"],\"image_position\":\"center-center\"},\"children\":[{\"name\":\"\",\"type\":\"grid\",\"props\":{\"show_title\":true,\"show_meta\":true,\"show_content\":false,\"show_image\":true,\"show_link\":true,\"grid_default\":\"1\",\"grid_medium\":\"3\",\"title_element\":\"h3\",\"meta_style\":\"meta\",\"meta_align\":\"bottom\",\"icon_ratio\":4,\"image_align\":\"top\",\"image_grid_width\":\"1-2\",\"image_breakpoint\":\"m\",\"link_text\":\"Read more\",\"link_style\":\"panel\",\"margin\":\"default\",\"filter_style\":\"tab\",\"filter_all\":true,\"filter_position\":\"top\",\"filter_align\":\"left\",\"filter_grid_width\":\"auto\",\"filter_breakpoint\":\"m\"},\"children\":[{\"name\":\"\",\"type\":\"grid_item\",\"props\":{\"title\":\"Autonoleggio Nikiti\",\"image\":\"wp-content\\\/uploads\\\/2016\\\/10\\\/rentacar-nikiti.jpg\",\"link\":\"it\\\/autonoleggio-nikiti\\\/\",\"image_alt\":\"Autonoleggio Nikiti\"}},{\"name\":\"\",\"type\":\"grid_item\",\"props\":{\"title\":\"Autonoleggio Hanioti\",\"image\":\"wp-content\\\/uploads\\\/2016\\\/10\\\/rentacar-hanioti.jpg\",\"link\":\"it\\\/autonoleggio-hanioti\\\/\",\"image_alt\":\"Autonoleggio Hanioti\"}},{\"name\":\"\",\"type\":\"grid_item\",\"props\":{\"title\":\"Autonoleggio Kallithea Halkidiki\",\"image\":\"wp-content\\\/uploads\\\/2016\\\/10\\\/rentacar-kalithea.jpg\",\"link\":\"it\\\/autonoleggio-kallithea-halkidiki\\\/\",\"image_alt\":\"Autonoleggio Kallithea Halkidiki\"}}]}]}]},{\"name\":\"\",\"type\":\"row\",\"props\":{\"fixed_width\":\"large\",\"breakpoint\":\"m\",\"layout\":\"1-1\"},\"children\":[{\"name\":\"\",\"type\":\"column\",\"props\":{\"widths\":[\"1-1\"],\"image_position\":\"center-center\"},\"children\":[{\"name\":\"\",\"type\":\"grid\",\"props\":{\"show_title\":true,\"show_meta\":true,\"show_content\":false,\"show_image\":true,\"show_link\":true,\"grid_default\":\"1\",\"grid_medium\":\"3\",\"title_element\":\"h3\",\"meta_style\":\"meta\",\"meta_align\":\"bottom\",\"icon_ratio\":4,\"image_align\":\"top\",\"image_grid_width\":\"1-2\",\"image_breakpoint\":\"m\",\"link_text\":\"Read more\",\"link_style\":\"panel\",\"margin\":\"default\",\"filter_style\":\"tab\",\"filter_all\":true,\"filter_position\":\"top\",\"filter_align\":\"left\",\"filter_grid_width\":\"auto\",\"filter_breakpoint\":\"m\"},\"children\":[{\"name\":\"\",\"type\":\"grid_item\",\"props\":{\"title\":\"Autonoleggio Katerini\",\"image\":\"wp-content\\\/uploads\\\/2016\\\/10\\\/rentacar-katerinicity.jpg\",\"link\":\"it\\\/autonoleggio-katerini\\\/\",\"image_alt\":\"Autonoleggio Katerini\"}},{\"name\":\"\",\"type\":\"grid_item\",\"props\":{\"title\":\"Autonoleggio Serres\",\"image\":\"wp-content\\\/uploads\\\/2016\\\/10\\\/rentacar-serres.jpg\",\"link\":\"it\\\/autonoleggio-serres\\\/\",\"image_alt\":\"Autonoleggio Serres\"}},{\"name\":\"\",\"type\":\"grid_item\",\"props\":{\"title\":\"Autonoleggio Veroia\",\"image\":\"wp-content\\\/uploads\\\/2016\\\/10\\\/rentacar-veroia.jpg\",\"link\":\"it\\\/autonoleggio-veroia\\\/\",\"image_alt\":\"Autonoleggio Veroia\"}}]}]}]}]}]} --><\/p>\n","protected":false},"excerpt":{"rendered":"<p>Posizioni di Autonoleggio<\/p>\n","protected":false},"author":308,"featured_media":0,"parent":0,"menu_order":0,"comment_status":"closed","ping_status":"closed","template":"","meta":{"footnotes":""},"class_list":["post-678","page","type-page","status-publish","hentry"],"yoast_head":"<!-- This site is optimized with the Yoast SEO plugin v24.3 - https:\/\/yoast.com\/wordpress\/plugins\/seo\/ -->\n<title>Punti Autonoleggio | Car Rentals<\/title>\n<meta name=\"description\" content=\"Scopri di pi\u00f9 sulle pi\u00f9 famose localit\u00e0 di noleggio auto a Salonicco e le localit\u00e0 di noleggio auto a Halkidiki, Katerini, Serres, Veroia e molto altro!\" \/>\n<meta name=\"robots\" content=\"index, follow, max-snippet:-1, max-image-preview:large, max-video-preview:-1\" \/>\n<link rel=\"canonical\" href=\"https:\/\/www.rentacarthessaloniki.com\/it\/posizioni-di-autonoleggio\/\" \/>\n<meta property=\"og:locale\" content=\"it_IT\" \/>\n<meta property=\"og:type\" content=\"article\" \/>\n<meta property=\"og:title\" content=\"Punti Autonoleggio | Car Rentals\" \/>\n<meta property=\"og:description\" content=\"Scopri di pi\u00f9 sulle pi\u00f9 famose localit\u00e0 di noleggio auto a Salonicco e le localit\u00e0 di noleggio auto a Halkidiki, Katerini, Serres, Veroia e molto altro!\" \/>\n<meta property=\"og:url\" content=\"https:\/\/www.rentacarthessaloniki.com\/it\/posizioni-di-autonoleggio\/\" \/>\n<meta property=\"og:site_name\" content=\"Car Rentals\" \/>\n<meta property=\"article:modified_time\" content=\"2018-07-11T11:54:20+00:00\" \/>\n<meta name=\"twitter:card\" content=\"summary_large_image\" \/>\n<script type=\"application\/ld+json\" class=\"yoast-schema-graph\">{\"@context\":\"https:\/\/schema.org\",\"@graph\":[{\"@type\":\"WebPage\",\"@id\":\"https:\/\/www.rentacarthessaloniki.com\/it\/posizioni-di-autonoleggio\/\",\"url\":\"https:\/\/www.rentacarthessaloniki.com\/it\/posizioni-di-autonoleggio\/\",\"name\":\"Punti Autonoleggio | Car Rentals\",\"isPartOf\":{\"@id\":\"https:\/\/www.rentacarthessaloniki.com\/#website\"},\"datePublished\":\"2017-02-21T14:47:17+00:00\",\"dateModified\":\"2018-07-11T11:54:20+00:00\",\"description\":\"Scopri di pi\u00f9 sulle pi\u00f9 famose localit\u00e0 di noleggio auto a Salonicco e le localit\u00e0 di noleggio auto a Halkidiki, Katerini, Serres, Veroia e molto altro!\",\"breadcrumb\":{\"@id\":\"https:\/\/www.rentacarthessaloniki.com\/it\/posizioni-di-autonoleggio\/#breadcrumb\"},\"inLanguage\":\"it-IT\",\"potentialAction\":[{\"@type\":\"ReadAction\",\"target\":[\"https:\/\/www.rentacarthessaloniki.com\/it\/posizioni-di-autonoleggio\/\"]}]},{\"@type\":\"BreadcrumbList\",\"@id\":\"https:\/\/www.rentacarthessaloniki.com\/it\/posizioni-di-autonoleggio\/#breadcrumb\",\"itemListElement\":[{\"@type\":\"ListItem\",\"position\":1,\"name\":\"Home\",\"item\":\"https:\/\/www.rentacarthessaloniki.com\/\"},{\"@type\":\"ListItem\",\"position\":2,\"name\":\"Punti Autonoleggio\"}]},{\"@type\":\"WebSite\",\"@id\":\"https:\/\/www.rentacarthessaloniki.com\/#website\",\"url\":\"https:\/\/www.rentacarthessaloniki.com\/\",\"name\":\"Car Rentals\",\"description\":\"\",\"potentialAction\":[{\"@type\":\"SearchAction\",\"target\":{\"@type\":\"EntryPoint\",\"urlTemplate\":\"https:\/\/www.rentacarthessaloniki.com\/?s={search_term_string}\"},\"query-input\":{\"@type\":\"PropertyValueSpecification\",\"valueRequired\":true,\"valueName\":\"search_term_string\"}}],\"inLanguage\":\"it-IT\"}]}<\/script>\n<!-- \/ Yoast SEO plugin. -->","yoast_head_json":{"title":"Punti Autonoleggio | Car Rentals","description":"Scopri di pi\u00f9 sulle pi\u00f9 famose localit\u00e0 di noleggio auto a Salonicco e le localit\u00e0 di noleggio auto a Halkidiki, Katerini, Serres, Veroia e molto altro!","robots":{"index":"index","follow":"follow","max-snippet":"max-snippet:-1","max-image-preview":"max-image-preview:large","max-video-preview":"max-video-preview:-1"},"canonical":"https:\/\/www.rentacarthessaloniki.com\/it\/posizioni-di-autonoleggio\/","og_locale":"it_IT","og_type":"article","og_title":"Punti Autonoleggio | Car Rentals","og_description":"Scopri di pi\u00f9 sulle pi\u00f9 famose localit\u00e0 di noleggio auto a Salonicco e le localit\u00e0 di noleggio auto a Halkidiki, Katerini, Serres, Veroia e molto altro!","og_url":"https:\/\/www.rentacarthessaloniki.com\/it\/posizioni-di-autonoleggio\/","og_site_name":"Car Rentals","article_modified_time":"2018-07-11T11:54:20+00:00","twitter_card":"summary_large_image","schema":{"@context":"https:\/\/schema.org","@graph":[{"@type":"WebPage","@id":"https:\/\/www.rentacarthessaloniki.com\/it\/posizioni-di-autonoleggio\/","url":"https:\/\/www.rentacarthessaloniki.com\/it\/posizioni-di-autonoleggio\/","name":"Punti Autonoleggio | Car Rentals","isPartOf":{"@id":"https:\/\/www.rentacarthessaloniki.com\/#website"},"datePublished":"2017-02-21T14:47:17+00:00","dateModified":"2018-07-11T11:54:20+00:00","description":"Scopri di pi\u00f9 sulle pi\u00f9 famose localit\u00e0 di noleggio auto a Salonicco e le localit\u00e0 di noleggio auto a Halkidiki, Katerini, Serres, Veroia e molto altro!","breadcrumb":{"@id":"https:\/\/www.rentacarthessaloniki.com\/it\/posizioni-di-autonoleggio\/#breadcrumb"},"inLanguage":"it-IT","potentialAction":[{"@type":"ReadAction","target":["https:\/\/www.rentacarthessaloniki.com\/it\/posizioni-di-autonoleggio\/"]}]},{"@type":"BreadcrumbList","@id":"https:\/\/www.rentacarthessaloniki.com\/it\/posizioni-di-autonoleggio\/#breadcrumb","itemListElement":[{"@type":"ListItem","position":1,"name":"Home","item":"https:\/\/www.rentacarthessaloniki.com\/"},{"@type":"ListItem","position":2,"name":"Punti Autonoleggio"}]},{"@type":"WebSite","@id":"https:\/\/www.rentacarthessaloniki.com\/#website","url":"https:\/\/www.rentacarthessaloniki.com\/","name":"Car Rentals","description":"","potentialAction":[{"@type":"SearchAction","target":{"@type":"EntryPoint","urlTemplate":"https:\/\/www.rentacarthessaloniki.com\/?s={search_term_string}"},"query-input":{"@type":"PropertyValueSpecification","valueRequired":true,"valueName":"search_term_string"}}],"inLanguage":"it-IT"}]}},"_links":{"self":[{"href":"https:\/\/www.rentacarthessaloniki.com\/it\/wp-json\/wp\/v2\/pages\/678","targetHints":{"allow":["GET"]}}],"collection":[{"href":"https:\/\/www.rentacarthessaloniki.com\/it\/wp-json\/wp\/v2\/pages"}],"about":[{"href":"https:\/\/www.rentacarthessaloniki.com\/it\/wp-json\/wp\/v2\/types\/page"}],"author":[{"embeddable":true,"href":"https:\/\/www.rentacarthessaloniki.com\/it\/wp-json\/wp\/v2\/users\/308"}],"replies":[{"embeddable":true,"href":"https:\/\/www.rentacarthessaloniki.com\/it\/wp-json\/wp\/v2\/comments?post=678"}],"version-history":[{"count":24,"href":"https:\/\/www.rentacarthessaloniki.com\/it\/wp-json\/wp\/v2\/pages\/678\/revisions"}],"predecessor-version":[{"id":1564,"href":"https:\/\/www.rentacarthessaloniki.com\/it\/wp-json\/wp\/v2\/pages\/678\/revisions\/1564"}],"wp:attachment":[{"href":"https:\/\/www.rentacarthessaloniki.com\/it\/wp-json\/wp\/v2\/media?parent=678"}],"curies":[{"name":"wp","href":"https:\/\/api.w.org\/{rel}","templated":true}]}}